{"id":1280,"date":"2025-10-01T14:25:08","date_gmt":"2025-10-01T12:25:08","guid":{"rendered":"https:\/\/valstgeorges.fr\/mentions-legales\/"},"modified":"2025-11-06T15:03:29","modified_gmt":"2025-11-06T14:03:29","slug":"mentions-legales","status":"publish","type":"page","link":"https:\/\/valstgeorges.fr\/en\/mentions-legales\/","title":{"rendered":"Terms of use"},"content":{"rendered":"\n<section class=\"wp-block-group home-fifth page-fifth is-layout-flow wp-block-group-is-layout-flow\" style=\"margin-top:-1em;padding-bottom:0\">\n<div class=\"wp-block-group anim-text has-global-padding is-layout-constrained wp-container-core-group-is-layout-3e9bf703 wp-block-group-is-layout-constrained\" style=\"padding-top:var(--wp--preset--spacing--30)\">\n<h1 class=\"wp-block-heading has-text-align-left full-width has-damirone-font-family has-custom-color-2-color has-text-color\" style=\"margin-top:0px;margin-right:0px;margin-bottom:0px;margin-left:0px;padding-bottom:var(--wp--preset--spacing--20);font-size:clamp(28.836px, 1.802rem + ((1vw - 3.2px) * 2.205), 50px);font-style:normal;font-weight:400;line-height:1.2;text-transform:uppercase\">Terms of use<\/h1>\n\n\n\n<p class=\"has-custom-color-2-color has-text-color has-link-color wp-elements-863dd0c6a0c87f2ef1f0aa0d2ce55cd3\" style=\"line-height:1.9\">Please consult the legal notice of our campsite website.<\/p>\n\n\n\n<h2 class=\"wp-block-heading has-custom-color-2-color has-text-color has-link-color wp-elements-585c2ba5ca65faed2596423f2b9da384\">WEBSITE PUBLISHER<\/h2>\n\n\n\n<p class=\"has-custom-color-2-color has-text-color has-link-color wp-elements-35880ad17c401cef845ecd1116a8d2d3\" style=\"line-height:1.9\">PRL Val St Georges 3*<br\/>6 Avenue Bernard Pottier 12100 Saint-Georges-de-Luzen\u00e7on<br\/>SARL FEMERY au capital de 10 000 euros<br\/>Date de cr\u00e9ation : 16 septembre 2022<br\/>Rodez 919 343 723 00012 5530Z<br\/>Directeur de la publication: FEMERY G\u00e9rald<br\/>05.65.62.42.12<\/p>\n\n\n\n<h2 class=\"wp-block-heading\">PRODUCTION<\/h2>\n\n\n\n<p class=\"has-custom-color-2-color has-text-color has-link-color wp-elements-aea89798788ca55294f14d1d099d275a\" style=\"line-height:1.9\"><strong>GEEK TONIC<\/strong>, Represented by Mr Yohan Darmayan in his capacity as Manager<br\/>Head office: 16 chemin de Sabalce 64100 BAYONNE<br\/>Tel: <a href=\"tel:0532741152\">05 32 74 11 52<\/a><br\/>E-mail: <a href=\"mailto:support@geek-tonic.com\">support@geek-tonic.com<\/a><br\/>Website: <a href=\"https:\/\/www.geek-tonic.com\/\">www.geek-tonic.com<br\/><\/a>SIRET: 89746755100015<br\/>APE: 6201Z<\/p>\n\n\n\n<h2 class=\"wp-block-heading\">COPYRIGHTS AND COPYRIGHT<\/h2>\n\n\n\n<p class=\"has-custom-color-2-color has-text-color has-link-color wp-elements-444f23345bab856fbe3182323ab10870\" style=\"line-height:1.9\">The entire content of this site is subject to copyright and intellectual property rights under French law.<br\/>Reproduction (including photos, icons and downloadable documents) is prohibited without prior consent from GEEK TONIC.<br\/>Reproduction of all or part of the website in electronic or paper format is prohibited.<br\/>GEEK TONIC accepts no responsibility for the content of the website.<br\/>GEEK TONIC also accepts no responsibility for external links to this website.<\/p>\n\n\n\n<h2 class=\"wp-block-heading\">PERSONAL DATA AND NOMINATIVE INFORMATION<\/h2>\n\n\n\n<p class=\"has-custom-color-2-color has-text-color has-link-color wp-elements-45211c6f2a82af5e40ef9d2bef53a9d9\" style=\"line-height:1.9\">You have the right to access, modify, rectify and delete data concerning you in accordance with Article 34 of the French Data Protection Act (Loi &#8221; Informatique et Libert\u00e9s &#8221; n\u00b0 78-17 of January 6, 1978, modified on August 6, 2018).<br\/>To exercise this right of access, please send a written request to the site editor.<\/p>\n\n\n\n<h2 class=\"wp-block-heading\">LEGISLATION<\/h2>\n\n\n\n<p class=\"has-custom-color-2-color has-text-color has-link-color wp-elements-796f44f4387dd4a653a1de3df7a47604\" style=\"line-height:1.9\">In accordance with the law of March 11, 1957 (art. 41) and the intellectual property code of July 1, 1992, it is forbidden to reproduce any part of the site, in whole or in part, without prior authorization from the site editor.<br\/>Logos, visuals, photos, videos, graphic charts and texts are the property of their respective owners.<br\/>This site may, without its knowledge, be linked to other sites via hypermedia links. The site editor declines all responsibility for information presented on these other sites.<br\/>The Internet user acknowledges that use of this site is governed by French law.<\/p>\n<\/div>\n\n\n\n<div style=\"height:6rem\" aria-hidden=\"true\" class=\"wp-block-spacer gt-hide-mobile\"><\/div>\n<\/section>\n","protected":false},"excerpt":{"rendered":"<p>Terms of use Please consult the legal notice of our campsite website. WEBSITE PUBLISHER PRL Val St Georges 3*6 Avenue Bernard Pottier 12100 Saint-Georges-de-Luzen\u00e7onSARL FEMERY au capital de 10 000 eurosDate de cr\u00e9ation : 16 septembre 2022Rodez 919 343 723 00012 5530ZDirecteur de la publication: FEMERY G\u00e9rald05.65.62.42.12 PRODUCTION GEEK TONIC, Represented by Mr Yohan Darmayan [&hellip;]<\/p>\n","protected":false},"author":1,"featured_media":1107,"parent":0,"menu_order":0,"comment_status":"closed","ping_status":"closed","template":"","meta":{"_acf_changed":false,"_seopress_robots_primary_cat":"","_seopress_titles_title":"Terms of use","_seopress_titles_desc":"Discover the legal notices of our Saint-Georges-de-Luzen\u00e7on campsite: copyright, personal data and more.","_seopress_robots_index":"yes","_gt_ctv_global_id":"","_gt_ctv_id_group":false,"inline_featured_image":false,"gt_fse_maillage_image":"https:\/\/valstgeorges.fr\/wp-content\/uploads\/2025\/10\/chalets-et-mobil-homes-pres-de-Millau.jpg","gt_fse_maillage_titre":"Terms of use","gt_fse_maillage_alt":"Terms of use","gt_fse_maillage_resume":"","footnotes":""},"categories":[],"tags":[],"class_list":["post-1280","page","type-page","status-publish","has-post-thumbnail","hentry"],"acf":[],"_links":{"self":[{"href":"https:\/\/valstgeorges.fr\/en\/wp-json\/wp\/v2\/pages\/1280","targetHints":{"allow":["GET"]}}],"collection":[{"href":"https:\/\/valstgeorges.fr\/en\/wp-json\/wp\/v2\/pages"}],"about":[{"href":"https:\/\/valstgeorges.fr\/en\/wp-json\/wp\/v2\/types\/page"}],"author":[{"embeddable":true,"href":"https:\/\/valstgeorges.fr\/en\/wp-json\/wp\/v2\/users\/1"}],"replies":[{"embeddable":true,"href":"https:\/\/valstgeorges.fr\/en\/wp-json\/wp\/v2\/comments?post=1280"}],"version-history":[{"count":3,"href":"https:\/\/valstgeorges.fr\/en\/wp-json\/wp\/v2\/pages\/1280\/revisions"}],"predecessor-version":[{"id":1350,"href":"https:\/\/valstgeorges.fr\/en\/wp-json\/wp\/v2\/pages\/1280\/revisions\/1350"}],"wp:featuredmedia":[{"embeddable":true,"href":"https:\/\/valstgeorges.fr\/en\/wp-json\/wp\/v2\/media\/1107"}],"wp:attachment":[{"href":"https:\/\/valstgeorges.fr\/en\/wp-json\/wp\/v2\/media?parent=1280"}],"wp:term":[{"taxonomy":"category","embeddable":true,"href":"https:\/\/valstgeorges.fr\/en\/wp-json\/wp\/v2\/categories?post=1280"},{"taxonomy":"post_tag","embeddable":true,"href":"https:\/\/valstgeorges.fr\/en\/wp-json\/wp\/v2\/tags?post=1280"}],"curies":[{"name":"wp","href":"https:\/\/api.w.org\/{rel}","templated":true}]}}